{"id":2,"date":"2026-01-08T13:42:11","date_gmt":"2026-01-08T05:42:11","guid":{"rendered":"http:\/\/120.55.98.183\/?page_id=2"},"modified":"2026-01-26T19:06:20","modified_gmt":"2026-01-26T11:06:20","slug":"sample-page","status":"publish","type":"page","link":"https:\/\/www.nanfangshuibeng.com\/index.php\/sample-page\/","title":{"rendered":"\u6d41\u91cf \u626c\u7a0b"},"content":{"rendered":"\n<p>\u6c34\u6cf5\uff08Water Pump\uff09\u662f\u8f93\u9001\u6db2\u4f53\u6216\u4f7f\u6db2\u4f53\u589e\u538b\u7684\u673a\u68b0\uff0c\u901a\u5e38\u662f\u5229\u7528\u7535\u673a\u6216\u5176\u5b83\u52a8\u529b\u8bbe\u5907\u9a71\u52a8\u53f6\u8f6e\u8f6c\u52a8\uff0c\u628a\u6db2\u4f53\u4ece\u4f4e\u5904\u5438\u5165\u540e\u7ecf\u8fc7\u53f6\u8f6e\u7684\u4f5c\u7528\u4f7f\u5176\u53d7\u5230\u52a8\u80fd\u8f6c\u5316\u800c\u4ea7\u751f\u538b\u529b\uff0c\u4ece\u800c\u8f93\u9001\u6db2\u4f53\u5230\u9ad8\u5904\u6216\u8fdc\u8ddd\u79bb\u3002\u6c34\u6cf5\u7684\u4e3b\u8981\u6027\u80fd\u53c2\u6570\u6709\uff1a\u6d41\u91cf\u3001\u626c\u7a0b\u3001\u529f\u7387\u548c\u6548\u7387\u7b49\u3002<\/p>\n\n\n\n<p>1<\/p>\n\n\n\n<p>\u6c34\u6cf5\u6027\u80fd\u53c2\u6570\u4e4b\u6d41\u91cf<\/p>\n\n\n\n<p>\u6c34\u6cf5\u6d41\u91cf\u662f\u6307\u6c34\u6cf5\u5355\u4f4d\u65f6\u95f4\u5185\u8f93\u9001\u6db2\u4f53\u7684\u4f53\u79ef\u6216\u91cd\u91cf\uff0c\u7528\u7b26\u53f7Q\u6765\u8868\u793a\uff0c\u5e38\u7528\u5355\u4f4d\u6709m\u00b3\/h\u3001m\u00b3\/s\u3001L\/s\u6216t\/h\u3002<\/p>\n\n\n\n<p>\u6c34\u6cf5\u94ed\u724c\u4e0a\u6807\u6ce8\u7684\u6d41\u91cf\u662f\u8fd9\u53f0\u6cf5\u7684\u8bbe\u8ba1\u6d41\u91cf\uff0c\u53c8\u79f0\u989d\u5b9a\u6d41\u91cf\uff0c\u6c34\u6cf5\u5728\u989d\u5b9a\u6d41\u91cf\u4e0b\u8fd0\u884c\u6548\u7387\u6700\u9ad8\u3002<\/p>\n\n\n\n<p>\u4eea\u8868\u70b9\u70b9\u901a\u9632\u6284\u88ad<\/p>\n\n\n\n<p>\u6c34\u6cf5\u6d41\u91cf\u8ba1\u7b97\u516c\u5f0f\u4e3a\uff1a<\/p>\n\n\n\n<p>Q=P\u00d7\u03b7\/2.73H<\/p>\n\n\n\n<p>\u5176\u4e2d\uff1aQ\u4e3a\u6d41\u91cf\uff0c\u5355\u4f4dm\u00b3\/h\uff1bP\u4e3a\u8f74\u529f\u7387\uff0c\u5355\u4f4dKW\uff1b\u03b7\u4e3a\u6c34\u6cf5\u6548\u7387\uff0c\u5355\u4f4d%\uff1b2.73\u4e3a\u5e38\u6570\uff1bH\u4e3a\u626c\u7a0b\uff0c\u5355\u4f4dm\u3002<\/p>\n\n\n\n<p>2<\/p>\n\n\n\n<p>\u6c34\u6cf5\u6027\u80fd\u53c2\u6570\u4e4b\u626c\u7a0b<\/p>\n\n\n\n<p>\u6c34\u6cf5\u626c\u7a0b\u662f\u6307\u5355\u4f4d\u91cd\u529b\u6db2\u4f53\u4ece\u6c34\u6cf5\u8fdb\u53e3\u5230\u51fa\u53e3\u6240\u589e\u52a0\u7684\u80fd\u91cf\uff0c\u4e5f\u5373\u5355\u4f4d\u91cd\u529b\u7684\u6c34\u7ecf\u8fc7\u6c34\u6cf5\u540e\u83b7\u5f97\u7684\u80fd\u91cf\uff0c\u901a\u4fd7\u6765\u8bb2\u662f\u6307\u6c34\u6cf5\u80fd\u591f\u626c\u6c34\u7684\u9ad8\u5ea6\uff0c\u7528\u7b26\u53f7H\u6765\u8868\u793a\uff0c\u5176\u5355\u4f4dmH2O\uff0c\u4e00\u822c\u7b80\u5316\u4e3am\u3002<\/p>\n\n\n\n<p>\u79bb\u5fc3\u6cf5\u626c\u7a0b<\/p>\n\n\n\n<p>\u79bb\u5fc3\u6cf5\u7684\u626c\u7a0b\u4ee5\u53f6\u8f6e\u4e2d\u5fc3\u7ebf\u4e3a\u57fa\u51c6\uff0c\u5206\u7531\u4e24\u90e8\u5206\u7ec4\u6210\u3002\u4ece\u6c34\u6cf5\u53f6\u8f6e\u4e2d\u5fc3\u7ebf\u81f3\u6c34\u6e90\u6c34\u9762\u7684\u5782\u76f4\u9ad8\u5ea6\uff0c\u5373\u6c34\u6cf5\u80fd\u628a\u6c34\u5438\u4e0a\u6765\u7684\u9ad8\u5ea6\uff0c\u53eb\u505a\u5438\u6c34\u626c\u7a0b\uff0c\u7b80\u79f0\u5438\u7a0b\uff1b\u4ece\u6c34\u6cf5\u53f6\u8f6e\u4e2d\u5fc3\u7ebf\u81f3\u51fa\u6c34\u6c60\u6c34\u9762\u7684\u5782\u76f4\u9ad8\u5ea6\uff0c\u5373\u6c34\u6cf5\u80fd\u628a\u6c34\u538b\u4e0a\u53bb\u7684\u9ad8\u5ea6\uff0c\u53eb\u505a\u538b\u6c34\u626c\u7a0b\uff0c\u7b80\u79f0\u538b\u7a0b\u3002\u79bb\u5fc3\u6cf5\u626c\u7a0b\u7b49\u4e8e\u5438\u6c34\u626c\u7a0b\u548c\u538b\u6c34\u626c\u7a0b\u4e4b\u548c\u3002<\/p>\n\n\n\n<p>\u6c34\u6cf5\u94ed\u724c\u4e0a\u7684\u6807\u6ce8\u7684\u626c\u7a0b\u662f\u8fd9\u53f0\u6cf5\u7684\u8bbe\u8ba1\u626c\u7a0b\uff0c\u53c8\u79f0\u989d\u5b9a\u626c\u7a0b\uff0c\u76f8\u5e94\u4e8e\u901a\u8fc7\u8bbe\u8ba1\u6d41\u91cf\u65f6\u7684\u626c\u7a0b\u3002<\/p>\n\n\n\n<p>\u4eea\u8868\u70b9\u70b9\u901a\u9632\u6284\u88ad<\/p>\n\n\n\n<p>\u6c34\u6cf5\u626c\u7a0b\u8ba1\u7b97\u516c\u5f0f\u4e3a\uff1a<\/p>\n\n\n\n<p>H=(p2-p1)\/\u03c1g+(v2\u00b2-v1\u00b2)\/2g+z2-z1<\/p>\n\n\n\n<p>\u5176\u4e2d\uff1aH\u4e3a\u626c\u7a0b\uff0c\u5355\u4f4dm\uff1bp1\u3001p2\u4e3a\u6cf5\u8fdb\u51fa\u53e3\u5904\u6db2\u4f53\u7684\u538b\u5f3a\uff0c\u5355\u4f4dPa\uff1bv1\u3001v2\u4e3a\u6db2\u4f53\u5728\u6cf5\u8fdb\u51fa\u53e3\u5904\u7684\u6d41\u901f\uff0c\u5355\u4f4dm\/s\uff1bz1\u3001z2\u4e3a\u8fdb\u51fa\u53e3\u9ad8\u5ea6\uff0c\u5355\u4f4dm\uff1b\u03c1\u4e3a\u6db2\u4f53\u5bc6\u5ea6\uff0c\u5355\u4f4dkg\/m\u00b3\uff1bg\u4e3a\u91cd\u529b\u52a0\u901f\u5ea6\uff0c\u5355\u4f4dm\/s\u00b2\u3002<\/p>\n\n\n\n<p>3<\/p>\n\n\n\n<p>\u6c34\u6cf5\u6027\u80fd\u53c2\u6570\u4e4b\u529f\u7387<\/p>\n\n\n\n<p>\u6c34\u6cf5\u529f\u7387\u662f\u6307\u5355\u4f4d\u65f6\u95f4\u5185\u6c34\u6cf5\u6240\u505a\u7684\u529f\uff0c\u901a\u5e38\u7528\u7b26\u53f7N\u6765\u8868\u793a\uff0c\u5e38\u7528\u5355\u4f4d\u4e3aKW\u3002<\/p>\n\n\n\n<p>\u6c34\u6cf5\u529f\u7387\u53c8\u53ef\u7ec6\u5206\u4e3a\u8f74\u529f\u7387\u3001\u6709\u6548\u529f\u7387\u548c\u914d\u5957\u529f\u7387\u7b49\u3002<\/p>\n\n\n\n<p>\u6c34\u6cf5\u94ed\u724c\u4e0a\u6807\u6ce8\u7684\u8f74\u529f\u7387\u662f\u6307\u5bf9\u5e94\u4e8e\u901a\u8fc7\u8bbe\u8ba1\u6d41\u91cf\u65f6\u7684\u8f74\u529f\u7387\uff0c\u53c8\u79f0\u989d\u5b9a\u529f\u7387\u3002<\/p>\n\n\n\n<p>\u8f74\u529f\u7387\u662f\u6307\u52a8\u529b\u673a\uff08\u7535\u673a\uff09\u4f20\u9012\u7ed9\u6c34\u6cf5\u8f74\u7684\u529f\u7387\uff0c\u53ef\u4ee5\u7406\u89e3\u4e3a\u6c34\u6cf5\u7684\u8f93\u5165\u529f\u7387\uff0c\u901a\u5e38\u8bb2\u6c34\u6cf5\u529f\u7387\u5c31\u662f\u6307\u8f74\u529f\u7387\uff0c\u7528\u7b26\u53f7P\u6765\u8868\u793a\u3002<\/p>\n\n\n\n<p>\u6709\u6548\u529f\u7387\u662f\u6307\u5355\u4f4d\u65f6\u95f4\u5185\u6d41\u8fc7\u6c34\u6cf5\u7684\u6db2\u4f53\u4ece\u6c34\u6cf5\u90a3\u91cc\u83b7\u5f97\u7684\u80fd\u91cf\uff0c\u53c8\u79f0\u6c34\u6cf5\u7684\u8f93\u51fa\u529f\u7387\uff0c\u901a\u5e38\u7528Pu\u6765\u8868\u793a\u3002<\/p>\n\n\n\n<p>\u914d\u5957\u529f\u7387\u662f\u6307\u4e3a\u6c34\u6cf5\u914d\u5957\u7684\u52a8\u529b\u673a\uff08\u7535\u673a\uff09\u529f\u7387\uff0c\u4e00\u822c\u5728\u6c34\u6cf5\u94ed\u724c\u6216\u6837\u672c\u4e0a\u6807\u6709\u914d\u5957\u529f\u7387\u7684\u6570\u503c\u3002<\/p>\n\n\n\n<p>\u4eea\u8868\u70b9\u70b9\u901a\u9632\u6284\u88ad<\/p>\n\n\n\n<p>\u6c34\u6cf5\u529f\u7387\u8ba1\u7b97\u516c\u5f0f\u4e3a\uff1a<\/p>\n\n\n\n<p>P=\u03c1\u00d7g\u00d7Q\u00d7H\/1000\u03b7<\/p>\n\n\n\n<p>\u5176\u4e2d\uff1aP\u4e3a\u989d\u5b9a\u529f\u7387\uff0c\u5355\u4f4dKW\uff1b\u03c1\u4e3a\u6db2\u4f53\u5bc6\u5ea6\uff0c\u5355\u4f4dkg\/m\u00b3\uff1bg\u4e3a\u91cd\u529b\u52a0\u901f\u5ea6\uff0c\u5355\u4f4dm\/s\u00b2\uff1bQ\u4e3a\u6d41\u91cf\uff0c\u5355\u4f4dm\u00b3\/s\uff1bH\u4e3a\u626c\u7a0b\uff0c\u5355\u4f4dm\uff1b\u03b7\u4e3a\u6c34\u6cf5\u6548\u7387\uff0c\u5355\u4f4d%\u3002<\/p>\n\n\n\n<p>4<\/p>\n\n\n\n<p>\u6c34\u6cf5\u6027\u80fd\u53c2\u6570\u4e4b\u6548\u7387<\/p>\n\n\n\n<p>\u6c34\u6cf5\u6548\u7387\u662f\u6307\u6cf5\u7684\u6709\u6548\u529f\u7387\u4e0e\u8f74\u529f\u7387\u4e4b\u6bd4\u7684\u767e\u5206\u6570\uff0c\u662f\u6c34\u6cf5\u7684\u91cd\u8981\u6280\u672f\u7ecf\u6d4e\u6307\u6807\uff0c\u7528\u7b26\u53f7\u03b7\u6765\u8868\u793a\u3002<\/p>\n\n\n\n<p>\u6c34\u6cf5\u94ed\u724c\u4e0a\u6807\u6ce8\u7684\u6548\u7387\u662f\u5bf9\u5e94\u4e8e\u901a\u8fc7\u8bbe\u8ba1\u6d41\u91cf\u65f6\u7684\u6548\u7387\uff0c\u8be5\u6548\u7387\u4e3a\u6c34\u6cf5\u7684\u6700\u9ad8\u6548\u7387\u3002<\/p>\n\n\n\n<p>\u6c34\u6cf5\u8f74\u529f\u7387\u4e0d\u53ef\u80fd\u5168\u90e8\u4f20\u9012\u7ed9\u8f93\u51fa\u7684\u6db2\u4f53\uff0c\u5176\u4e2d\u5fc5\u6709\u4e00\u90e8\u5206\u80fd\u91cf\u635f\u5931\uff0c\u6c34\u6cf5\u5185\u80fd\u91cf\u635f\u5931\u53ef\u5206\u4e3a\u4e09\u90e8\u5206\uff0c\u5373\u6c34\u529b\u635f\u5931\u3001\u5bb9\u79ef\u635f\u5931\u548c\u673a\u68b0\u635f\u5931\uff0c\u76f8\u5e94\u7684\u4e5f\u5c31\u5b58\u5728\u6c34\u529b\u6548\u7387\u03b7h\u3001\u5bb9\u79ef\u6548\u7387\u03b7V\u4e0e\u673a\u68b0\u6548\u7387\u03b7m\u3002<\/p>\n\n\n\n<p>\u6c34\u6cf5\u7684\u6548\u7387\u03b7\u662f\u6c34\u529b\u6548\u7387\u03b7h\u3001\u5bb9\u79ef\u6548\u7387\u03b7V\u4e0e\u673a\u68b0\u6548\u7387\u03b7m\u7684\u4e58\u79ef\u3002\u6c34\u6cf5\u7684\u6548\u7387\u8d8a\u9ad8\uff0c\u8868\u793a\u5176\u5728\u5de5\u4f5c\u65f6\u7684\u80fd\u91cf\u635f\u5931\u8d8a\u5c0f\u3002<\/p>\n\n\n\n<p>\u4eea\u8868\u70b9\u70b9\u901a\u9632\u6284\u88ad<\/p>\n\n\n\n<p>\u6c34\u6cf5\u6548\u7387\u8ba1\u7b97\u516c\u5f0f\u4e3a\uff1a<\/p>\n\n\n\n<p>\u03b7=(H\u00d7Q)\/P\u00d7100%<\/p>\n\n\n\n<p>\u5176\u4e2d\uff0c\u03b7\u4e3a\u6c34\u6cf5\u6548\u7387\uff0c\u5355\u4f4d%\uff1bH\u4e3a\u626c\u7a0b\uff0c\u5355\u4f4dm\uff1bQ\u4e3a\u6d41\u91cf\uff0c\u5355\u4f4dm\u00b3\/s\uff1bP\u4e3a\u529f\u7387\uff0c\u5355\u4f4dKW\u3002<\/p>\n\n\n\n<p>01<\/p>\n\n\n\n<p>\u6c34\u529b\u635f\u5931\u548c\u6c34\u529b\u6548\u7387\uff1a<\/p>\n\n\n\n<p>\u6db2\u4f53\u6d41\u7ecf\u6c34\u6cf5\u7684\u5438\u5165\u5ba4\u3001\u53f6\u8f6e\u3001\u538b\u51fa\u5ba4\u65f6\u4ea7\u751f\u6469\u64e6\u635f\u5931\u3001\u5c40\u90e8\u635f\u5931\u548c\u51b2\u51fb\u635f\u5931\u3002<\/p>\n\n\n\n<p>\u6469\u64e6\u635f\u5931\u662f\u6db2\u4f53\u4e0e\u8fc7\u6d41\u90e8\u4ef6\u58c1\u95f4\u7684\u6469\u64e6\u963b\u529b\u5f15\u8d77\u7684\u635f\u5931\u3002<\/p>\n\n\n\n<p>\u5c40\u90e8\u635f\u5931\u662f\u6db2\u4f53\u5728\u6cf5\u5185\u7531\u4e8e\u901f\u5ea6\u5927\u5c0f\u4e0e\u65b9\u5411\u53d1\u751f\u53d8\u5316\u5f15\u8d77\u7684\u635f\u5931\u3002<\/p>\n\n\n\n<p>\u51b2\u51fb\u635f\u5931\u662f\u6cf5\u5728\u975e\u8bbe\u8ba1\u5de5\u51b5\u4e0b\u8fd0\u884c\u65f6\u6db2\u4f53\u5728\u53f6\u7247\u5165\u53e3\u5904\u3001\u51fa\u53e3\u5904\u53ca\u538b\u51fa\u5ba4\u5185\u5f15\u8d77\u7684\u635f\u5931\u3002<\/p>\n\n\n\n<p>\u6c34\u529b\u635f\u5931\u8d8a\u5927\uff0c\u6c34\u6cf5\u7684\u626c\u7a0b\u8d8a\u5c0f\u3002<\/p>\n\n\n\n<p>\u672a\u8003\u8651\u6c34\u6cf5\u5185\u6c34\u529b\u635f\u5931\u7684\u626c\u7a0b\u4e3a\u7406\u8bba\u626c\u7a0bHT\uff0c\u5219\u6c34\u6cf5\u626c\u7a0bH\u4e0e\u7406\u8bba\u626c\u7a0bH\u4e0e\u7406\u8bba\u626c\u7a0bHT\u4e4b\u6bd4\uff0c\u79f0\u4e3a\u6c34\u529b\u6548\u7387\u03b7h\u3002<\/p>\n\n\n\n<p>02<\/p>\n\n\n\n<p>\u5bb9\u79ef\u635f\u5931\u548c\u5bb9\u79ef\u6548\u7387\uff1a<\/p>\n\n\n\n<p>\u6db2\u4f53\u6d41\u8fc7\u53f6\u8f6e\u540e\uff0c\u6709\u4e00\u5c0f\u90e8\u5206\u9ad8\u538b\u6db2\u4f53\u7ecf\u8fc7\u6cf5\u4f53\u5185\u95f4\u9699\uff08\u4f8b\u5982\u51cf\u6f0f\u73af\uff09\u548c\u8f74\u5411\u529b\u5e73\u8861\u88c5\u7f6e\uff08\u4f8b\u5982\u5e73\u8861\u5b54\uff09\u6cc4\u9732\u5230\u53f6\u8f6e\u7684\u8fdb\u53e3\uff0c\u53e6\u6709\u4e00\u90e8\u5206\u4ece\u8f74\u5c01\u88c5\u7f6e\u5904\u6cc4\u6f0f\u5230\u6cf5\u4f53\u5916\uff0c\u6d88\u8017\u4e86\u4e00\u90e8\u5206\u80fd\u91cf\uff0c\u5373\u5bb9\u79ef\u635f\u5931\u3002<\/p>\n\n\n\n<p>\u6f0f\u635fq\u8d8a\u5927\uff0c\u6c34\u6cf5\u7684\u51fa\u6c34\u91cfQ\u8d8a\u5c0f\u3002<\/p>\n\n\n\n<p>\u901a\u8fc7\u6c34\u6cf5\u51fa\u53e3\u7684\u6d41\u91cfQ\u4e0e\u901a\u8fc7\u6cf5\u8fdb\u53e3\u7684\u6d41\u91cfQ+q\u4e4b\u6bd4\u79f0\u4e3a\u5bb9\u79ef\u6548\u7387\u03b7V\u3002<\/p>\n\n\n\n<p>03<\/p>\n\n\n\n<p>\u673a\u68b0\u635f\u5931\u548c\u673a\u68b0\u6548\u7387\uff1a<\/p>\n\n\n\n<p>\u53f6\u8f6e\u5728\u6db2\u4f53\u4e2d\u65cb\u8f6c\u65f6\uff0c\u524d\u540e\u76d6\u677f\u5916\u8868\u9762\u4e0e\u6db2\u4f53\u4ea7\u751f\u6469\u64e6\u635f\u5931\uff08\u8f6e\u76d8\u635f\u5931\uff09\uff0c\u6cf5\u8f74\u8f6c\u52a8\u65f6\u8f74\u548c\u8f74\u5c01\u3001\u8f74\u627f\u4ea7\u751f\u6469\u64e6\u635f\u5931\uff0c\u514b\u670d\u6469\u64e6\u635f\u5931\u6d88\u8017\u4e86\u90e8\u5206\u80fd\u91cf\uff0c\u5373\u673a\u68b0\u635f\u5931\uff0c\u673a\u68b0\u635f\u5931\u529f\u7387\u7528Pm\u8868\u793a\u3002<\/p>\n\n\n\n<p>\u4ece\u6cf5\u7684\u8f93\u5165\u529f\u7387\u4e2d\u6263\u9664\u673a\u68b0\u635f\u5931\u540e\uff0c\u53f6\u8f6e\u4f20\u9012\u7ed9\u6db2\u4f53\u7684\u529f\u7387\u79f0\u6c34\u529b\u529f\u7387\uff0c\u7528Pw\u8868\u793a\u3002<\/p>\n\n\n\n<p>\u6c34\u6cf5\u7684\u6c34\u529b\u529f\u7387\u4e0e\u8f74\u529f\u7387\u4e4b\u6bd4\u6210\u4e3a\u673a\u68b0\u6548\u7387\u03b7m\u3002\uff01<\/p>\n\n\n\n<p><\/p>\n","protected":false},"excerpt":{"rendered":"<p>\u6c34\u6cf5\uff08Water Pump\uff09\u662f\u8f93\u9001\u6db2\u4f53\u6216\u4f7f\u6db2\u4f53\u589e\u538b\u7684\u673a\u68b0\uff0c\u901a\u5e38\u662f\u5229\u7528\u7535\u673a\u6216\u5176\u5b83\u52a8\u529b\u8bbe\u5907\u9a71\u52a8\u53f6\u8f6e\u8f6c\u52a8\uff0c\u628a\u6db2\u4f53\u4ece\u4f4e [&hellip;]<\/p>\n","protected":false},"author":1,"featured_media":0,"parent":0,"menu_order":0,"comment_status":"closed","ping_status":"open","template":"","meta":{"footnotes":""},"class_list":["post-2","page","type-page","status-publish","hentry"],"_links":{"self":[{"href":"https:\/\/www.nanfangshuibeng.com\/index.php\/wp-json\/wp\/v2\/pages\/2","targetHints":{"allow":["GET"]}}],"collection":[{"href":"https:\/\/www.nanfangshuibeng.com\/index.php\/wp-json\/wp\/v2\/pages"}],"about":[{"href":"https:\/\/www.nanfangshuibeng.com\/index.php\/wp-json\/wp\/v2\/types\/page"}],"author":[{"embeddable":true,"href":"https:\/\/www.nanfangshuibeng.com\/index.php\/wp-json\/wp\/v2\/users\/1"}],"replies":[{"embeddable":true,"href":"https:\/\/www.nanfangshuibeng.com\/index.php\/wp-json\/wp\/v2\/comments?post=2"}],"version-history":[{"count":1,"href":"https:\/\/www.nanfangshuibeng.com\/index.php\/wp-json\/wp\/v2\/pages\/2\/revisions"}],"predecessor-version":[{"id":21,"href":"https:\/\/www.nanfangshuibeng.com\/index.php\/wp-json\/wp\/v2\/pages\/2\/revisions\/21"}],"wp:attachment":[{"href":"https:\/\/www.nanfangshuibeng.com\/index.php\/wp-json\/wp\/v2\/media?parent=2"}],"curies":[{"name":"wp","href":"https:\/\/api.w.org\/{rel}","templated":true}]}}